{"id":4525,"date":"2025-09-16T12:27:42","date_gmt":"2025-09-16T09:27:42","guid":{"rendered":"https:\/\/www.finnishwaterforum.fi\/wp\/fi\/?page_id=4525"},"modified":"2025-09-16T12:27:44","modified_gmt":"2025-09-16T09:27:44","slug":"paaomalainat-tesi","status":"publish","type":"page","link":"https:\/\/www.finnishwaterforum.fi\/wp\/fi\/paaomalainat-tesi\/","title":{"rendered":"P\u00e4\u00e4omalainat (Tesi)"},"content":{"rendered":"\n<p>Tesi -Suomen teollisen sijoituksen rahasto&nbsp;on valtion p\u00e4\u00e4omasijoitusyhti\u00f6, jonka keskeinen teht\u00e4v\u00e4 on kasvuyrityksiin suuntautuvien miljoonien eurojen arvoisten investointien edist\u00e4minen. Tesi sijoittaa markkinaehtoisesti sek\u00e4 p\u00e4\u00e4omasijoitusrahastoihin, ett\u00e4 suoraan kasvuyrityksiin. Sijoitukset tehd\u00e4\u00e4n v\u00e4hemmist\u00f6sijoituksina yhdess\u00e4 ja samoin ehdoin muiden sijoittajien kanssa. 1.1.2025 Tesin toiminta on kasvanut Ilmastorahaston lakkauttamisen my\u00f6t\u00e4 toiminnan siirtyess\u00e4 Tesiin.&nbsp;<\/p>\n\n\n\n<p>Rahoituksen laatu: p\u00e4\u00e4omasijoitukset.&nbsp;<\/p>\n\n\n\n<p>Lis\u00e4tietoja: <a href=\"https:\/\/tesi.fi\/yrityksille\/tesin-tapa-sijoittaa\/\">https:\/\/tesi.fi\/yrityksille\/tesin-tapa-sijoittaa\/<\/a><\/p>\n\n\n\n<p>Rahoitusta ohjaavat teemat: ICT, digitalisaatio, terveysteknologia, deep-tech ja kiertotalous&nbsp;<\/p>\n\n\n\n<p><strong>Sijoitusten m\u00e4\u00e4r\u00e4 ja toimintaperiaate:&nbsp;&nbsp;<\/strong><\/p>\n\n\n\n<p><strong>VC-sijoitukset <\/strong>(2-15 miljoonaa)&nbsp;<\/p>\n\n\n\n<ul class=\"wp-block-list\">\n<li>Aikaisen kasvuvaiheen venture capital -sijoitukset yhti\u00f6ille, joilla on edellytykset voimakkaaseen kansainv\u00e4liseen kasvuun. Esimerkiksi teknologiayhti\u00f6t, joilla on skaalautuva liiketoimintamalli ja korkeat kasvutavoitteet.&nbsp;<\/li>\n\n\n\n<li>My\u00f6hemm\u00e4n vaiheen venture capital -markkinasijoituksia osallistumalla osana syndikaattia A-C-sijoituskierroksiin, joiden kokoluokka on 3\u201325+ miljoonaa euroa.&nbsp;<\/li>\n\n\n\n<li>Sijoitukset yhdess\u00e4 yksityisten ammattimaisten sijoittajien, p\u00e4\u00e4s\u00e4\u00e4nt\u00f6isesti kotimaisten ja kansainv\u00e4listen vc-rahastojen, kanssa.&nbsp;&nbsp;<\/li>\n<\/ul>\n\n\n\n<h2 class=\"wp-block-heading has-small-font-size\"><strong>Kasvusijoitukset <\/strong>(5-20 miljoonaa)&nbsp;<\/h2>\n\n\n\n<ul class=\"wp-block-list\">\n<li>V\u00e4hemmist\u00f6sijoituksia kasvuyrityksiin, jotka hakevat m\u00e4\u00e4r\u00e4tietoisesti kasvua ja kansainv\u00e4listymist\u00e4.&nbsp;<\/li>\n\n\n\n<li>Kohdeyrityksen p\u00e4\u00e4omatarpeita esimerkiksi: kansainv\u00e4listyminen, tuotteiden ja palveluiden kehitys, investoinnit, taseen vahvistaminen, yritys- ja toimialaj\u00e4rjestelyt sek\u00e4 omistusj\u00e4rjestelyt&nbsp;<\/li>\n\n\n\n<li>Kohdeyrityksemme tyypillisesti liikevaihdoltaan 15\u2013300 miljoonaa euroa. Sijoitusten koko yleens\u00e4 5\u201320 miljoonaa euroa.&nbsp;<\/li>\n\n\n\n<li>Kanssasijoittajat ovat kotimaisia ja ulkomaisia p\u00e4\u00e4omasijoitusyhti\u00f6it\u00e4, ty\u00f6el\u00e4keyhti\u00f6it\u00e4, teollisia sijoittajia ja yksityissijoittajia.&nbsp;<\/li>\n<\/ul>\n\n\n\n<p><strong>Teollisuuden sijoitukset <\/strong>(5-20 miljoonaa)&nbsp;<\/p>\n\n\n\n<ul class=\"wp-block-list\">\n<li>Suomeen keskittyv\u00e4t merkitt\u00e4v\u00e4t teolliset yritykset ja niiden uudet tehdas-, laite- ja laajennusinvestoinnit. Yritysj\u00e4rjestelyn rahoitus voi my\u00f6s liitty\u00e4 suuremman ja kansainv\u00e4lisesti vahvemman yrityskokonaisuuden rakentamiseen.&nbsp;<\/li>\n\n\n\n<li>Kohdeyrityksill\u00e4 tyypillisesti tavoitteena yli 100 miljoonan euron liikevaihto ja niiden toiminta on vahvassa kansainv\u00e4lisess\u00e4 kasvussa. Sijoitusten koko yleens\u00e4 5\u201320 miljoonaa euroa.<\/li>\n<\/ul>\n","protected":false},"excerpt":{"rendered":"<p>Tesi -Suomen teollisen sijoituksen rahasto&nbsp;on valtion p\u00e4\u00e4omasijoitusyhti\u00f6, jonka keskeinen teht\u00e4v\u00e4 on kasvuyrityksiin suuntautuvien miljoonien eurojen arvoisten investointien edist\u00e4minen. Tesi sijoittaa markkinaehtoisesti sek\u00e4 p\u00e4\u00e4omasijoitusrahastoihin, ett\u00e4 suoraan kasvuyrityksiin. Sijoitukset tehd\u00e4\u00e4n v\u00e4hemmist\u00f6sijoituksina yhdess\u00e4 [&hellip;]<\/p>\n","protected":false},"author":7,"featured_media":0,"parent":0,"menu_order":0,"comment_status":"closed","ping_status":"closed","template":"","meta":{"_uag_custom_page_level_css":"","_EventAllDay":false,"_EventTimezone":"","_EventStartDate":"","_EventEndDate":"","_EventStartDateUTC":"","_EventEndDateUTC":"","_EventShowMap":false,"_EventShowMapLink":false,"_EventURL":"","_EventCost":"","_EventCostDescription":"","_EventCurrencySymbol":"","_EventCurrencyCode":"","_EventCurrencyPosition":"","_EventDateTimeSeparator":"","_EventTimeRangeSeparator":"","_EventOrganizerID":[],"_EventVenueID":[],"_OrganizerEmail":"","_OrganizerPhone":"","_OrganizerWebsite":"","_VenueAddress":"","_VenueCity":"","_VenueCountry":"","_VenueProvince":"","_VenueState":"","_VenueZip":"","_VenuePhone":"","_VenueURL":"","_VenueStateProvince":"","_VenueLat":"","_VenueLng":"","_VenueShowMap":false,"_VenueShowMapLink":false,"ocean_post_layout":"","ocean_both_sidebars_style":"","ocean_both_sidebars_content_width":0,"ocean_both_sidebars_sidebars_width":0,"ocean_sidebar":"","ocean_second_sidebar":"","ocean_disable_margins":"enable","ocean_add_body_class":"","ocean_shortcode_before_top_bar":"","ocean_shortcode_after_top_bar":"","ocean_shortcode_before_header":"","ocean_shortcode_after_header":"","ocean_has_shortcode":"","ocean_shortcode_after_title":"","ocean_shortcode_before_footer_widgets":"","ocean_shortcode_after_footer_widgets":"","ocean_shortcode_before_footer_bottom":"","ocean_shortcode_after_footer_bottom":"","ocean_display_top_bar":"default","ocean_display_header":"default","ocean_header_style":"","ocean_center_header_left_menu":"","ocean_custom_header_template":"","ocean_custom_logo":0,"ocean_custom_retina_logo":0,"ocean_custom_logo_max_width":0,"ocean_custom_logo_tablet_max_width":0,"ocean_custom_logo_mobile_max_width":0,"ocean_custom_logo_max_height":0,"ocean_custom_logo_tablet_max_height":0,"ocean_custom_logo_mobile_max_height":0,"ocean_header_custom_menu":"","ocean_menu_typo_font_family":"","ocean_menu_typo_font_subset":"","ocean_menu_typo_font_size":0,"ocean_menu_typo_font_size_tablet":0,"ocean_menu_typo_font_size_mobile":0,"ocean_menu_typo_font_size_unit":"px","ocean_menu_typo_font_weight":"","ocean_menu_typo_font_weight_tablet":"","ocean_menu_typo_font_weight_mobile":"","ocean_menu_typo_transform":"","ocean_menu_typo_transform_tablet":"","ocean_menu_typo_transform_mobile":"","ocean_menu_typo_line_height":0,"ocean_menu_typo_line_height_tablet":0,"ocean_menu_typo_line_height_mobile":0,"ocean_menu_typo_line_height_unit":"","ocean_menu_typo_spacing":0,"ocean_menu_typo_spacing_tablet":0,"ocean_menu_typo_spacing_mobile":0,"ocean_menu_typo_spacing_unit":"","ocean_menu_link_color":"","ocean_menu_link_color_hover":"","ocean_menu_link_color_active":"","ocean_menu_link_background":"","ocean_menu_link_hover_background":"","ocean_menu_link_active_background":"","ocean_menu_social_links_bg":"","ocean_menu_social_hover_links_bg":"","ocean_menu_social_links_color":"","ocean_menu_social_hover_links_color":"","ocean_disable_title":"default","ocean_disable_heading":"default","ocean_post_title":"","ocean_post_subheading":"","ocean_post_title_style":"","ocean_post_title_background_color":"","ocean_post_title_background":0,"ocean_post_title_bg_image_position":"","ocean_post_title_bg_image_attachment":"","ocean_post_title_bg_image_repeat":"","ocean_post_title_bg_image_size":"","ocean_post_title_height":0,"ocean_post_title_bg_overlay":0.5,"ocean_post_title_bg_overlay_color":"","ocean_disable_breadcrumbs":"default","ocean_breadcrumbs_color":"","ocean_breadcrumbs_separator_color":"","ocean_breadcrumbs_links_color":"","ocean_breadcrumbs_links_hover_color":"","ocean_display_footer_widgets":"default","ocean_display_footer_bottom":"default","ocean_custom_footer_template":"","jetpack_post_was_ever_published":false,"footnotes":""},"class_list":["post-4525","page","type-page","status-publish","hentry","entry"],"uagb_featured_image_src":{"full":false,"thumbnail":false,"medium":false,"medium_large":false,"large":false,"1536x1536":false,"2048x2048":false,"ocean-thumb-m":false,"ocean-thumb-ml":false,"ocean-thumb-l":false},"uagb_author_info":{"display_name":"finnishwaterforum","author_link":"https:\/\/www.finnishwaterforum.fi\/wp\/fi\/author\/sannieerikainenfwffi\/"},"uagb_comment_info":0,"uagb_excerpt":"Tesi -Suomen teollisen sijoituksen rahasto&nbsp;on valtion p\u00e4\u00e4omasijoitusyhti\u00f6, jonka keskeinen teht\u00e4v\u00e4 on kasvuyrityksiin suuntautuvien miljoonien eurojen arvoisten investointien edist\u00e4minen. Tesi sijoittaa markkinaehtoisesti sek\u00e4 p\u00e4\u00e4omasijoitusrahastoihin, ett\u00e4 suoraan kasvuyrityksiin. Sijoitukset tehd\u00e4\u00e4n v\u00e4hemmist\u00f6sijoituksina yhdess\u00e4 [&hellip;]","jetpack_sharing_enabled":true,"jetpack_shortlink":"https:\/\/wp.me\/P8SesA-1aZ","_links":{"self":[{"href":"https:\/\/www.finnishwaterforum.fi\/wp\/fi\/wp-json\/wp\/v2\/pages\/4525","targetHints":{"allow":["GET"]}}],"collection":[{"href":"https:\/\/www.finnishwaterforum.fi\/wp\/fi\/wp-json\/wp\/v2\/pages"}],"about":[{"href":"https:\/\/www.finnishwaterforum.fi\/wp\/fi\/wp-json\/wp\/v2\/types\/page"}],"author":[{"embeddable":true,"href":"https:\/\/www.finnishwaterforum.fi\/wp\/fi\/wp-json\/wp\/v2\/users\/7"}],"replies":[{"embeddable":true,"href":"https:\/\/www.finnishwaterforum.fi\/wp\/fi\/wp-json\/wp\/v2\/comments?post=4525"}],"version-history":[{"count":1,"href":"https:\/\/www.finnishwaterforum.fi\/wp\/fi\/wp-json\/wp\/v2\/pages\/4525\/revisions"}],"predecessor-version":[{"id":4526,"href":"https:\/\/www.finnishwaterforum.fi\/wp\/fi\/wp-json\/wp\/v2\/pages\/4525\/revisions\/4526"}],"wp:attachment":[{"href":"https:\/\/www.finnishwaterforum.fi\/wp\/fi\/wp-json\/wp\/v2\/media?parent=4525"}],"curies":[{"name":"wp","href":"https:\/\/api.w.org\/{rel}","templated":true}]}}